{"id":1653,"date":"2022-03-18T13:42:22","date_gmt":"2022-03-18T13:42:22","guid":{"rendered":"https:\/\/boitran.com\/en\/?page_id=1653"},"modified":"2025-07-26T03:56:22","modified_gmt":"2025-07-26T03:56:22","slug":"serenite-dans-le-silence-serenity-in-silence","status":"publish","type":"page","link":"https:\/\/boitran.com\/vi\/gallery\/auction-results-sold-artworks\/serenite-dans-le-silence-serenity-in-silence\/","title":{"rendered":"S\u00e9r\u00e9nit\u00e9 dans le silence (Serenity in Silence)"},"content":{"rendered":"<p><a href=\"https:\/\/boitran.com\/vi\/?page_id=167\">&lt; AUCTION RESULTS &amp; SOLD ARTWORKS<\/a><\/p>\n\t\t\t\t<a href=\"https:\/\/boitran.com\/wp-content\/uploads\/2023\/07\/BEM_2291.png\"  target=\"_self\" itemprop=\"url\">\n\t\t\t\t<img decoding=\"async\" src=\"https:\/\/boitran.com\/wp-content\/uploads\/2023\/07\/BEM_2291-580x580.png\" alt=\"S\u00e9r\u00e9nit\u00e9 dans le silence (Serenity in Silence)\" itemprop=\"image\" height=\"580\" width=\"580\" onerror=\"this.style.display='none'\" loading=\"lazy\" \/>\n\t\t\t\t<\/a>\n\t<strong>BOI TRAN (VIETNAM, B. 1957)<\/strong><br \/>\nS\u00e9r\u00e9nit\u00e9 dans le silence (Serenity in Silence)\n\t\t\t\t\t<a href=\"#\"  id=\"fl-accordion--label-0\" tabindex=\"0\" aria-controls=\"fl-accordion--panel-0\">DETAILS<\/a>\n\t\t\t\t\t\t\t\t\t\t\t<a href=\"#\" id=\"fl-accordion--icon-0\"  tabindex=\"0\"><i title=\"Collapse\">Collapse<\/i><\/a>\n\t\t\t\t\tBoi Tran (Vietnam, B. 1957)<br \/>\nS\u00e9r\u00e9nit\u00e9 dans le silence (Serenity in Silence)<br \/>\nsigned &#8216;Btran&#8217; (lower left)<br \/>\nlacquer on panel<br \/>\n100 x 100 cm. (39\u00a0<sup>1<\/sup>\/<sub>4<\/sub>\u00a0x 39\u00a0<sup>1<\/sup>\/<sub>4<\/sub>\u00a0in.)<br \/>\nPainted circa 2016\n\t\t\t\t\t<a href=\"#\"  id=\"fl-accordion--label-1\" tabindex=\"0\" aria-controls=\"fl-accordion--panel-1\">PROVENANCE<\/a>\n\t\t\t\t\t\t\t\t\t\t\t<a href=\"#\" id=\"fl-accordion--icon-1\"  tabindex=\"0\"><i title=\"Expand\">Expand<\/i><\/a>\n\t\t\t\t\tPrivate Collection<br \/>\nAcquired directly from the artist\n\t\t\t\t\t<a href=\"#\"  id=\"fl-accordion--label-2\" tabindex=\"0\" aria-controls=\"fl-accordion--panel-2\">FURTHER DETAILS<\/a>\n\t\t\t\t\t\t\t\t\t\t\t<a href=\"#\" id=\"fl-accordion--icon-2\"  tabindex=\"0\"><i title=\"Expand\">Expand<\/i><\/a>\n\t\t\t\t\t<p>This work is accompanied by a certificate of authenticity issued by Boi Tran<\/p>\n\t<p>Get in touch for additional information about this<\/p>\n\tC\u00d4NG TY TNHH TH\u01af\u01a0NG M\u1ea0I M\u1ef8 THU\u1eacT B\u1ed8I TR\u00c2N<br \/>\nKim Son Hill, Bui Dinh Tuy Street, Thuy Xuan Ward, Hue City, Vietnam<br \/>\n<a href=\"mailto:art@boitran.com\">art@boitran.com<\/a><br \/>\n+84 234 388 4453<br \/>\n<a href=\"http:\/\/boitran.com\/vi\/\">boitran.com<\/a>","protected":false},"excerpt":{"rendered":"<p>&lt; AUCTION RESULTS &amp; SOLD ARTWORKS BOI TRAN (VIETNAM, B. 1957) S\u00e9r\u00e9nit\u00e9 dans le silence (Serenity in Silence) DETAILS Collapse Boi Tran (Vietnam, B. 1957) S\u00e9r\u00e9nit\u00e9 dans le silence (Serenity in Silence) signed &#8216;Btran&#8217; (lower left) lacquer on panel 100 x 100 cm. (39\u00a01\/4\u00a0x 39\u00a01\/4\u00a0in.) Painted circa 2016 PROVENANCE Expand Private Collection Acquired directly from&#8230;<\/p>","protected":false},"author":2,"featured_media":6324,"parent":167,"menu_order":0,"comment_status":"closed","ping_status":"closed","template":"","meta":{"footnotes":""},"class_list":["post-1653","page","type-page","status-publish","has-post-thumbnail","hentry"],"_links":{"self":[{"href":"https:\/\/boitran.com\/vi\/wp-json\/wp\/v2\/pages\/1653","targetHints":{"allow":["GET"]}}],"collection":[{"href":"https:\/\/boitran.com\/vi\/wp-json\/wp\/v2\/pages"}],"about":[{"href":"https:\/\/boitran.com\/vi\/wp-json\/wp\/v2\/types\/page"}],"author":[{"embeddable":true,"href":"https:\/\/boitran.com\/vi\/wp-json\/wp\/v2\/users\/2"}],"replies":[{"embeddable":true,"href":"https:\/\/boitran.com\/vi\/wp-json\/wp\/v2\/comments?post=1653"}],"version-history":[{"count":9,"href":"https:\/\/boitran.com\/vi\/wp-json\/wp\/v2\/pages\/1653\/revisions"}],"predecessor-version":[{"id":7742,"href":"https:\/\/boitran.com\/vi\/wp-json\/wp\/v2\/pages\/1653\/revisions\/7742"}],"up":[{"embeddable":true,"href":"https:\/\/boitran.com\/vi\/wp-json\/wp\/v2\/pages\/167"}],"wp:featuredmedia":[{"embeddable":true,"href":"https:\/\/boitran.com\/vi\/wp-json\/wp\/v2\/media\/6324"}],"wp:attachment":[{"href":"https:\/\/boitran.com\/vi\/wp-json\/wp\/v2\/media?parent=1653"}],"curies":[{"name":"wp","href":"https:\/\/api.w.org\/{rel}","templated":true}]}}