{"id":1667,"date":"2022-03-18T13:49:02","date_gmt":"2022-03-18T13:49:02","guid":{"rendered":"https:\/\/boitran.com\/en\/?page_id=1667"},"modified":"2025-06-12T05:06:42","modified_gmt":"2025-06-12T05:06:42","slug":"lelegante-aux-fleurs-de-marguerite-the-elegant-lady-with-marguerites","status":"publish","type":"page","link":"https:\/\/boitran.com\/vi\/gallery\/auction-results-sold-artworks\/lelegante-aux-fleurs-de-marguerite-the-elegant-lady-with-marguerites\/","title":{"rendered":"L\u2019\u00e9l\u00e9gante aux fleurs de marguerite (The Elegant Lady with Marguerites)"},"content":{"rendered":"<p><a href=\"https:\/\/boitran.com\/vi\/?page_id=167\">&lt; AUCTION RESULTS &amp; SOLD ARTWORKS<\/a><\/p>\n\t\t\t\t<a href=\"https:\/\/boitran.com\/wp-content\/uploads\/2022\/10\/IMG_6316-2.png\"  target=\"_self\" itemprop=\"url\">\n\t\t\t\t<img decoding=\"async\" src=\"https:\/\/boitran.com\/wp-content\/uploads\/2022\/10\/IMG_6316-2-780x1024.png\" alt=\"L'\u00e9l\u00e9gante aux fleurs de marguerite (The Elegant Lady with Marguerites)\" itemprop=\"image\" height=\"1024\" width=\"780\" onerror=\"this.style.display='none'\" loading='lazy' \/>\n\t\t\t\t<\/a>\n\t<strong>BOI TRAN (VIETNAM, B. 1957)<\/strong><br \/>\nL&#8217;\u00e9l\u00e9gante aux fleurs de marguerite (The Elegant Lady with Marguerites)\n\t\t\t\t\t<a href=\"#\"  id=\"fl-accordion--label-0\" tabindex=\"0\" aria-controls=\"fl-accordion--panel-0\">DETAILS<\/a>\n\t\t\t\t\t\t\t\t\t\t\t<a href=\"#\" id=\"fl-accordion--icon-0\"  tabindex=\"0\"><i title=\"Collapse\">Collapse<\/i><\/a>\n\t\t\t\t\tBoi Tran (Vietnam, B. 1957)<br \/>\nL&#8217;\u00e9l\u00e9gante aux fleurs de marguerite (The Elegant Lady with Marguerites)<br \/>\nsigned &#8216;Btran&#8217; (lower left)<br \/>\noil on canvas<br \/>\n130 x 100 cm. (51 \u00b3\/\u2081\u2086 x 39 \u00b3\/\u2088 in.)<br \/>\nPainted in 2005-2007\n\t\t\t\t\t<a href=\"#\"  id=\"fl-accordion--label-1\" tabindex=\"0\" aria-controls=\"fl-accordion--panel-1\">PROVENANCE<\/a>\n\t\t\t\t\t\t\t\t\t\t\t<a href=\"#\" id=\"fl-accordion--icon-1\"  tabindex=\"0\"><i title=\"Expand\">Expand<\/i><\/a>\n\t\t\t\t\tPrivate Collection<br \/>\nAcquired directly from the artist\n\t\t\t\t\t<a href=\"#\"  id=\"fl-accordion--label-2\" tabindex=\"0\" aria-controls=\"fl-accordion--panel-2\">FURTHER DETAILS<\/a>\n\t\t\t\t\t\t\t\t\t\t\t<a href=\"#\" id=\"fl-accordion--icon-2\"  tabindex=\"0\"><i title=\"Expand\">Expand<\/i><\/a>\n\t\t\t\t\t<p>This work is accompanied by a certificate of authenticity issued by Boi Tran<\/p>\n\t<p>Get in touch for additional information about this<\/p>\n\tC\u00d4NG TY TNHH TH\u01af\u01a0NG M\u1ea0I M\u1ef8 THU\u1eacT B\u1ed8I TR\u00c2N<br \/>\nKim Son Hill, Bui Dinh Tuy Street, Thuy Bang Ward, Thuan Hoa District, Hue City, Vietnam<br \/>\n<a href=\"mailto:art@boitran.com\">art@boitran.com<\/a><br \/>\n+84 234 388 4453<br \/>\n<a href=\"http:\/\/boitran.com\/vi\/\">boitran.com<\/a>","protected":false},"excerpt":{"rendered":"<p>&lt; AUCTION RESULTS &amp; SOLD ARTWORKS BOI TRAN (VIETNAM, B. 1957) L&#8217;\u00e9l\u00e9gante aux fleurs de marguerite (The Elegant Lady with Marguerites) DETAILS Collapse Boi Tran (Vietnam, B. 1957) L&#8217;\u00e9l\u00e9gante aux fleurs de marguerite (The Elegant Lady with Marguerites) signed &#8216;Btran&#8217; (lower left) oil on canvas 130 x 100 cm. (51 \u00b3\/\u2081\u2086 x 39 \u00b3\/\u2088 in.)&#8230;<\/p>","protected":false},"author":2,"featured_media":3331,"parent":167,"menu_order":0,"comment_status":"closed","ping_status":"closed","template":"","meta":{"footnotes":""},"class_list":["post-1667","page","type-page","status-publish","has-post-thumbnail","hentry"],"_links":{"self":[{"href":"https:\/\/boitran.com\/vi\/wp-json\/wp\/v2\/pages\/1667","targetHints":{"allow":["GET"]}}],"collection":[{"href":"https:\/\/boitran.com\/vi\/wp-json\/wp\/v2\/pages"}],"about":[{"href":"https:\/\/boitran.com\/vi\/wp-json\/wp\/v2\/types\/page"}],"author":[{"embeddable":true,"href":"https:\/\/boitran.com\/vi\/wp-json\/wp\/v2\/users\/2"}],"replies":[{"embeddable":true,"href":"https:\/\/boitran.com\/vi\/wp-json\/wp\/v2\/comments?post=1667"}],"version-history":[{"count":8,"href":"https:\/\/boitran.com\/vi\/wp-json\/wp\/v2\/pages\/1667\/revisions"}],"predecessor-version":[{"id":7531,"href":"https:\/\/boitran.com\/vi\/wp-json\/wp\/v2\/pages\/1667\/revisions\/7531"}],"up":[{"embeddable":true,"href":"https:\/\/boitran.com\/vi\/wp-json\/wp\/v2\/pages\/167"}],"wp:featuredmedia":[{"embeddable":true,"href":"https:\/\/boitran.com\/vi\/wp-json\/wp\/v2\/media\/3331"}],"wp:attachment":[{"href":"https:\/\/boitran.com\/vi\/wp-json\/wp\/v2\/media?parent=1667"}],"curies":[{"name":"wp","href":"https:\/\/api.w.org\/{rel}","templated":true}]}}