{"id":170,"date":"2021-11-25T12:41:49","date_gmt":"2021-11-25T12:41:49","guid":{"rendered":"https:\/\/boitran.com\/?page_id=170"},"modified":"2026-03-27T01:53:54","modified_gmt":"2026-03-27T01:53:54","slug":"help","status":"publish","type":"page","link":"https:\/\/boitran.com\/vi\/help\/","title":{"rendered":"H\u1ed7 Tr\u1ee3"},"content":{"rendered":"<h2  data-animation-delay=\"0.0\" data-animation-duration=\"1\">\n\t\t\tH\u1ed7 Tr\u1ee3\t<\/h2>\n\t<hr \/>\n<p>Ch\u00fang t\u00f4i lu\u00f4n hi\u1ec7n di\u1ec7n, s\u1eb5n l\u00f2ng l\u1eafng nghe v\u00e0 nh\u1eb9 nh\u00e0ng \u0111\u1ed3ng h\u00e0nh c\u00f9ng qu\u00fd kh\u00e1ch.<\/p>\n<p>\u0110\u1ec3 t\u00ecm hi\u1ec3u th\u00eam v\u1ec1 d\u1ecbch v\u1ee5 c\u1ed1 v\u1ea5n &amp; giao d\u1ecbch ngh\u1ec7 thu\u1eadt c\u1ee5 th\u1ec3, ho\u1eb7c n\u1ebfu qu\u00fd kh\u00e1ch c\u1ea7n h\u1ed7 tr\u1ee3 s\u1eafp x\u1ebfp m\u1ed9t bu\u1ed5i g\u1eb7p g\u1ee1, m\u1ed9t cu\u1ed9c h\u1eb9n, ho\u1eb7c m\u1ed9t tr\u1ea3i nghi\u1ec7m \u0111\u01b0\u1ee3c d\u00e0nh ri\u00eang, xin m\u1eddi tham kh\u1ea3o th\u00f4ng tin li\u00ean h\u1ec7 t\u1ea1i \u0111\u00e2y.<\/p>\n\t<strong>NH\u00c0 V\u01af\u1edcN B\u1ed8I TR\u00c2N | C\u00d4NG TY TNHH TH\u01af\u01a0NG M\u1ea0I M\u1ef8 THU\u1eacT B\u1ed8I TR\u00c2N<\/strong><br \/>\n\u0110\u1ed3i Kim S\u01a1n, B\u00f9i \u0110\u00ecnh Tu\u00fd, Thu\u1ef7 Xu\u00e2n, Hu\u1ebf, Vi\u1ec7t Nam<br \/>\n<a href=\"mailto:enquiries@boitran.com\">enquiries@boitran.com<\/a><br \/>\n+84 234 388 4453<br \/>\n<a href=\"http:\/\/boitran.com\/vi\/\">boitran.com<\/a>\n<hr \/>\n<p>&nbsp;<\/p>\n\t<iframe src=\"https:\/\/www.google.com\/maps\/embed\/v1\/place?q=Boi+Tran+Garden%2C+Kim+Son%2C+Hue%2C+Thua+Thien+Hue%2C+Vietnam&#038;key=AIzaSyD09zQ9PNDNNy9TadMuzRV_UsPUoWKntt8\" aria-hidden=\"true\" title=\"Nh\u00e0 V\u01b0\u1eddn B\u1ed9i Tr\u00e2n\"><\/iframe>\n<h2  data-animation-delay=\"0\" data-animation-duration=\"1\">\n\t\t\tB\u1ea1n c\u00f3 th\u1ec3 quan t\u00e2m\t<\/h2>","protected":false},"excerpt":{"rendered":"<p>Contact us We are here to answer your questions and help guide you. To enquire about a particular private sale, or if you need assistance arranging an appointment, meeting or reservation, contact information can be found here BOI TRAN GARDEN\u00a0 |\u00a0 BOI TRAN FINE ARTS CO., LTD Kim Son Hill, Bui Dinh Tuy, Thuy Xuan,&#8230;<\/p>","protected":false},"author":4,"featured_media":0,"parent":0,"menu_order":0,"comment_status":"closed","ping_status":"closed","template":"","meta":{"footnotes":""},"class_list":["post-170","page","type-page","status-publish","hentry"],"_links":{"self":[{"href":"https:\/\/boitran.com\/vi\/wp-json\/wp\/v2\/pages\/170","targetHints":{"allow":["GET"]}}],"collection":[{"href":"https:\/\/boitran.com\/vi\/wp-json\/wp\/v2\/pages"}],"about":[{"href":"https:\/\/boitran.com\/vi\/wp-json\/wp\/v2\/types\/page"}],"author":[{"embeddable":true,"href":"https:\/\/boitran.com\/vi\/wp-json\/wp\/v2\/users\/4"}],"replies":[{"embeddable":true,"href":"https:\/\/boitran.com\/vi\/wp-json\/wp\/v2\/comments?post=170"}],"version-history":[{"count":74,"href":"https:\/\/boitran.com\/vi\/wp-json\/wp\/v2\/pages\/170\/revisions"}],"predecessor-version":[{"id":7947,"href":"https:\/\/boitran.com\/vi\/wp-json\/wp\/v2\/pages\/170\/revisions\/7947"}],"wp:attachment":[{"href":"https:\/\/boitran.com\/vi\/wp-json\/wp\/v2\/media?parent=170"}],"curies":[{"name":"wp","href":"https:\/\/api.w.org\/{rel}","templated":true}]}}