{"id":2214,"date":"2022-06-19T23:33:40","date_gmt":"2022-06-19T23:33:40","guid":{"rendered":"https:\/\/boitran.com\/?page_id=2214"},"modified":"2026-03-26T03:16:23","modified_gmt":"2026-03-26T03:16:23","slug":"gallery","status":"publish","type":"page","link":"https:\/\/boitran.com\/vi\/gallery\/","title":{"rendered":"Tr\u01b0ng B\u00e0y"},"content":{"rendered":"<h2  data-animation-delay=\"0.0\" data-animation-duration=\"1\">\n\t\t\tPrivate Sales &#038; Bespoke Art Services\t<\/h2>\n<figure data-animation-delay=\"0\" data-animation-duration=\"1\" itemscope itemtype=\"https:\/\/schema.org\/ImageObject\">\n\t\t\t\t<a href=\"https:\/\/boitran.com\/vi\/?page_id=2235\"  target=\"_self\" itemprop=\"url\">\n\t\t\t\t<img decoding=\"async\" src=\"https:\/\/boitran.com\/wp-content\/uploads\/2022\/02\/PMT06747-scaled.jpg\" alt=\"\" height=\"1707\" width=\"2560\" onerror=\"this.style.display='none'\" loading=\"lazy\" \/>\n\t\t\t\t<\/a>\n\t<\/figure>\n\t<h3><a href=\"https:\/\/boitran.com\/vi\/?page_id=2235\">C\u1ed1 V\u1ea5n &amp; Giao D\u1ecbch Ngh\u1ec7 Thu\u1eadt<\/a><\/h3>\n<figure data-animation-delay=\"0\" data-animation-duration=\"1\" itemscope itemtype=\"https:\/\/schema.org\/ImageObject\">\n\t\t\t\t<a href=\"https:\/\/boitran.com\/vi\/?page_id=7884\"  target=\"_self\" itemprop=\"url\">\n\t\t\t\t<img decoding=\"async\" src=\"https:\/\/boitran.com\/wp-content\/uploads\/2026\/03\/HUS_5625-scaled.jpg\" alt=\"Dream of Dreams, A Contemporary Group Exhibition Featuring 8 Vietnamese Artists at Boi Tran Garden\" height=\"1707\" width=\"2560\" title=\"Gi\u1ea5c M\u01a1 C\u1ee7a Nh\u1eefng Gi\u1ea5c M\u01a1, Tri\u1ec3n L\u00e3m \u0110\u01b0\u01a1ng \u0110\u1ea1i Quy T\u1ee5 8 Ngh\u1ec7 S\u0129 Vi\u1ec7t Nam T\u1ea1i Nh\u00e0 V\u01b0\u1eddn B\u1ed9i Tr\u00e2n\" onerror=\"this.style.display='none'\" loading=\"lazy\" \/>\n\t\t\t\t<\/a>\n\t<\/figure>\n\t<h3><a href=\"https:\/\/boitran.com\/vi\/?page_id=7884\">Tri\u1ec3n L\u00e3m<\/a><\/h3>\n<figure data-animation-delay=\"0\" data-animation-duration=\"1\" itemscope itemtype=\"https:\/\/schema.org\/ImageObject\">\n\t\t\t\t<a href=\"https:\/\/boitran.com\/vi\/?page_id=167\"  target=\"_self\" itemprop=\"url\">\n\t\t\t\t<img decoding=\"async\" src=\"https:\/\/boitran.com\/wp-content\/uploads\/2023\/05\/virtual-tour-women-in-art-paris-2.jpg\" alt=\"\" height=\"506\" width=\"809\" onerror=\"this.style.display='none'\" loading=\"lazy\" \/>\n\t\t\t\t<\/a>\n\t<\/figure>\n\t<h3><a href=\"https:\/\/boitran.com\/vi\/?page_id=167\">K\u1ebft Qu\u1ea3 \u0110\u1ea5u Gi\u00e1 &amp; T\u00e1c Ph\u1ea9m \u0110\u00e3 \u0110\u01b0\u1ee3c S\u01b0u T\u1eadp<\/a><\/h3>\n<h2  data-animation-delay=\"0.0\" data-animation-duration=\"1\">\n\t\t\tC\u1ed1 V\u1ea5n Ngh\u1ec7 Thu\u1eadt\t<\/h2>\n\t<p>Boi Tran Garden is honoured to work closely with private collectors who acquire art across a wide range of categories and international sale venues. In collaboration with our most senior specialists, we offer thoughtful guidance and tailored advice to support each client&#8217;s unique collecting journey.<\/p>\n<p>C\u00f9ng v\u1edbi c\u00e1c chuy\u00ean gia gi\u00e0u kinh nghi\u1ec7m, ch\u00fang t\u00f4i mang \u0111\u1ebfn nh\u1eefng t\u01b0 v\u1ea5n tinh t\u1ebf v\u00e0 ph\u00f9 h\u1ee3p, nh\u1eb1m h\u1ed7 tr\u1ee3 h\u00e0nh tr\u00ecnh s\u01b0u t\u1eadp ri\u00eang t\u1eebng c\u00e1 nh\u00e2n.<\/p>\n\t<p>Th\u00f4ng Tin Chung<\/p>\n\t<strong>C\u00d4NG TY TNHH TH\u01af\u01a0NG M\u1ea0I M\u1ef8 THU\u1eacT B\u1ed8I TR\u00c2N<\/strong><br \/>\nKim Son Hill, Bui Dinh Tuy Street, Thuy Xuan Ward, Hue City, Vietnam<br \/>\n<a href=\"mailto:art@boitran.com\">art@boitran.com<\/a><br \/>\n+84 234 388 4453<br \/>\n<a href=\"http:\/\/boitran.com\/vi\/\">boitran.com<\/a>","protected":false},"excerpt":{"rendered":"<p>Private Sales &#038; Bespoke Art Services Private Sales Exhibitions Auction Results &amp; Sold Artworks Cilent Advisory Boi Tran Garden is honoured to work closely with private collectors who acquire art across a wide range of categories and international sale venues. In collaboration with our most senior specialists, we offer thoughtful guidance and tailored advice to&#8230;<\/p>","protected":false},"author":4,"featured_media":0,"parent":0,"menu_order":0,"comment_status":"closed","ping_status":"closed","template":"","meta":{"footnotes":""},"class_list":["post-2214","page","type-page","status-publish","hentry"],"_links":{"self":[{"href":"https:\/\/boitran.com\/vi\/wp-json\/wp\/v2\/pages\/2214","targetHints":{"allow":["GET"]}}],"collection":[{"href":"https:\/\/boitran.com\/vi\/wp-json\/wp\/v2\/pages"}],"about":[{"href":"https:\/\/boitran.com\/vi\/wp-json\/wp\/v2\/types\/page"}],"author":[{"embeddable":true,"href":"https:\/\/boitran.com\/vi\/wp-json\/wp\/v2\/users\/4"}],"replies":[{"embeddable":true,"href":"https:\/\/boitran.com\/vi\/wp-json\/wp\/v2\/comments?post=2214"}],"version-history":[{"count":84,"href":"https:\/\/boitran.com\/vi\/wp-json\/wp\/v2\/pages\/2214\/revisions"}],"predecessor-version":[{"id":7894,"href":"https:\/\/boitran.com\/vi\/wp-json\/wp\/v2\/pages\/2214\/revisions\/7894"}],"wp:attachment":[{"href":"https:\/\/boitran.com\/vi\/wp-json\/wp\/v2\/media?parent=2214"}],"curies":[{"name":"wp","href":"https:\/\/api.w.org\/{rel}","templated":true}]}}